{"id":1331,"date":"2026-04-27T04:40:34","date_gmt":"2026-04-27T04:40:34","guid":{"rendered":""},"modified":"2026-04-27T04:40:34","modified_gmt":"2026-04-27T04:40:34","slug":"vysoce-kvalitni-kanlux-zvonkovy-transformatorna-din-listu-ktf-8-24-8-12-24v-1a-23260-1331","status":"publish","type":"product","link":"https:\/\/www.domkraftpro.com\/index.php\/produkt\/vysoce-kvalitni-kanlux-zvonkovy-transformatorna-din-listu-ktf-8-24-8-12-24v-1a-23260-1331\/","title":{"rendered":"Vysoce Kvalitn\u00ed Kanlux zvonkov\u00fd transform\u00e1torna DIN li\u0161tu KTF-8-24 8\/12\/24V 1A \/23260\/"},"content":{"rendered":"<div id=\"e9895935\" class=\"pages\">\n<div id=\"PDDescription\" class=\"UserContentView userContent v1a v1 bs-view dcon dc150 PDDescription\" >\n<h2><span style=\"color: #008080;\">Kanlux zvonkov\u00fd transform\u00e1torna DIN li\u0161tu KTF-8-24 8\/12\/24V 1A \/23260\/<\/span><\/h2>\n<p><span style=\"color: #000000;\">Zvonkov\u00e9 trafo nebo tak\u00e9 zdroj na DIN li\u0161tu, se pou\u017e\u00edv\u00e1 pro nap\u00e1jen\u00ed n\u00edzkonap\u011b\u0165ov\u00e9ho zvonkov\u00e9ho okruhu. A to nejen v dom\u00e1cnostech a rodinn\u00fdch domech, <span style=\"color: #000000;\">ale hlavn\u011b v domech bytov\u00fdch i panelov\u00fdch. Zdroj nap\u00e1j\u00ed okruh zvonkov\u00e9ho tla\u010d\u00edtka a zvonku samotn\u00e9ho. V rozvad\u011b\u010di pon\u00ed\u017e\u00ed nap\u011bt\u00ed 230V na 8\/12\/24V, kter\u00e9 je bezpe\u010dn\u00e9.<\/span><\/span><\/p>\n<p>Shoda s normou: EN 61558<\/p>\n<h2><span style=\"color: #008080;\">Parametry<span style=\"color: #008080;\">\u00a0<\/span><\/span><\/h2>\n<ul style=\"color: #212529; text-transform: none; text-indent: 0px; letter-spacing: normal; padding-left: 2rem; font-family: system-ui, -apple-system, 'Segoe UI', Roboto, 'Helvetica Neue', Arial, 'Noto Sans', 'Liberation Sans', sans-serif, 'Apple Color Emoji', 'Segoe UI Emoji', 'Segoe UI Symbol', 'Noto Color Emoji'; font-size: 16px; font-style: normal; font-weight: 400; margin-top: 0px; margin-bottom: 1rem; word-spacing: 0px; white-space: normal; box-sizing: border-box; orphans: 2; widows: 2; background-color: #ffffff; font-variant-ligatures: normal; font-variant-caps: normal; -webkit-text-stroke-width: 0px; text-decoration-thickness: initial; text-decoration-style: initial; text-decoration-color: initial;\">\n<li style=\"box-sizing: border-box;\">Prim\u00e1rn\u00ed nap\u011bt\u00ed: 230 V<\/li>\n<li style=\"box-sizing: border-box;\">V\u00fdstupn\u00ed nap\u011bt\u00ed 1: 8 V<\/li>\n<li style=\"box-sizing: border-box;\">V\u00fdstupn\u00ed nap\u011bt\u00ed 2: 12 V<\/li>\n<li style=\"box-sizing: border-box;\">V\u00fdstupn\u00ed nap\u011bt\u00ed 3: 24 V<\/li>\n<li style=\"box-sizing: border-box;\">V\u00fdstupn\u00ed proud 1: 1 A<\/li>\n<li style=\"box-sizing: border-box;\">V\u00fdstupn\u00ed proud 2: 0,6 A<\/li>\n<li style=\"box-sizing: border-box;\">V\u00fdstupn\u00ed proud 3: 0,33 A<\/li>\n<li style=\"box-sizing: border-box;\">Max. v\u00fdstupn\u00ed v\u00fdkon: 0 &#8211; 8 W<\/li>\n<li style=\"box-sizing: border-box;\">Max. v\u00fdstupn\u00ed proud: 1 A<\/li>\n<li style=\"box-sizing: border-box;\">Druh transform\u00e1toru: Standardn\u00ed zvonkov\u00fd transform\u00e1tor<\/li>\n<li style=\"box-sizing: border-box;\">Vhodn\u00e9 pro \u0159adovou mont\u00e1\u017e: Ano<\/li>\n<li style=\"box-sizing: border-box;\">D\u00e9lka: 87 mm<\/li>\n<li style=\"box-sizing: border-box;\">\u0160\u00ed\u0159ka: 35 mm<\/li>\n<li style=\"box-sizing: border-box;\">V\u00fd\u0161ka: 67 mm<\/li>\n<li style=\"box-sizing: border-box;\">\u0160\u00ed\u0159ka v po\u010dtech modul\u016f: 3<\/li>\n<li style=\"box-sizing: border-box;\">Vyp\u00edna\u010d: Ne<\/li>\n<\/ul>\n<p><span style=\"color: #008080;\">\u00a0<\/span><\/p>\n<div id=\"PDTable3\" class=\"ProductDetailTableView v3a v3 bs-view dcon dc175 PDTable3\" >\n<table>\n<thead><\/thead>\n<tbody>\n<tr class=\"attribute attr_bsshop_maker\">\n<td class=\"caption\">V\u00fdrobce<\/td>\n<td class=\"value\">Kanlux<\/td>\n<\/tr>\n<\/tbody>\n<\/table><\/div>\n<\/div>\n<\/div>\n<div id=\"e9895936\" class=\"tabs\">\n","protected":false},"excerpt":{"rendered":"<p>Kanlux zvonkov\u00fd transform\u00e1torna DIN li\u0161tu KTF-8-24 8\/12\/24V 1A \/23260\/ Zvonkov\u00e9 trafo nebo tak\u00e9 zdroj na DIN li\u0161tu, se pou\u017e\u00edv\u00e1 pro nap\u00e1jen\u00ed n\u00edzkonap\u011b\u0165ov\u00e9ho zvonkov\u00e9ho okruhu. A to nejen v dom\u00e1cnostech a rodinn\u00fdch domech, ale hlavn\u011b v domech bytov\u00fdch i panelov\u00fdch. Zdroj nap\u00e1j\u00ed okruh zvonkov\u00e9ho tla\u010d\u00edtka a zvonku samotn\u00e9ho. V rozvad\u011b\u010di pon\u00ed\u017e\u00ed nap\u011bt\u00ed 230V na 8\/12\/24V, kter\u00e9 [&hellip;]<\/p>\n","protected":false},"featured_media":1431,"comment_status":"open","ping_status":"open","template":"","meta":[],"product_brand":[],"product_cat":[37],"product_tag":[],"class_list":{"0":"post-1331","1":"product","2":"type-product","3":"status-publish","4":"has-post-thumbnail","6":"product_cat-elektromateri-225-l","8":"first","9":"instock","10":"sale","11":"shipping-taxable","12":"purchasable","13":"product-type-simple"},"yoast_head":"<!-- This site is optimized with the Yoast SEO plugin v26.8 - https:\/\/yoast.com\/product\/yoast-seo-wordpress\/ -->\n<title>Vysoce Kvalitn\u00ed Kanlux zvonkov\u00fd transform\u00e1torna DIN li\u0161tu KTF-8-24 8\/12\/24V 1A \/23260\/ -<\/title>\n<meta name=\"robots\" content=\"index, follow, max-snippet:-1, max-image-preview:large, max-video-preview:-1\" \/>\n<link rel=\"canonical\" href=\"https:\/\/www.domkraftpro.com\/index.php\/produkt\/vysoce-kvalitni-kanlux-zvonkovy-transformatorna-din-listu-ktf-8-24-8-12-24v-1a-23260-1331\/\" \/>\n<meta property=\"og:locale\" content=\"cs_CZ\" \/>\n<meta property=\"og:type\" content=\"article\" \/>\n<meta property=\"og:title\" content=\"Vysoce Kvalitn\u00ed Kanlux zvonkov\u00fd transform\u00e1torna DIN li\u0161tu KTF-8-24 8\/12\/24V 1A \/23260\/ -\" \/>\n<meta property=\"og:description\" content=\"Kanlux zvonkov\u00fd transform\u00e1torna DIN li\u0161tu KTF-8-24 8\/12\/24V 1A \/23260\/ Zvonkov\u00e9 trafo nebo tak\u00e9 zdroj na DIN li\u0161tu, se pou\u017e\u00edv\u00e1 pro nap\u00e1jen\u00ed n\u00edzkonap\u011b\u0165ov\u00e9ho zvonkov\u00e9ho okruhu. A to nejen v dom\u00e1cnostech a rodinn\u00fdch domech, ale hlavn\u011b v domech bytov\u00fdch i panelov\u00fdch. Zdroj nap\u00e1j\u00ed okruh zvonkov\u00e9ho tla\u010d\u00edtka a zvonku samotn\u00e9ho. V rozvad\u011b\u010di pon\u00ed\u017e\u00ed nap\u011bt\u00ed 230V na 8\/12\/24V, kter\u00e9 [&hellip;]\" \/>\n<meta property=\"og:url\" content=\"https:\/\/www.domkraftpro.com\/index.php\/produkt\/vysoce-kvalitni-kanlux-zvonkovy-transformatorna-din-listu-ktf-8-24-8-12-24v-1a-23260-1331\/\" \/>\n<meta property=\"og:image\" content=\"https:\/\/www.domkraftpro.com\/wp-content\/uploads\/2026\/SK0008469-CZ20260425-091623-0-1777079785-kanlux-zvonkovy-transformatorna-din-listu-ktf-8-24-8-12-24v.webp\" \/>\n\t<meta property=\"og:image:width\" content=\"1000\" \/>\n\t<meta property=\"og:image:height\" content=\"525\" \/>\n\t<meta property=\"og:image:type\" content=\"image\/webp\" \/>\n<meta name=\"twitter:card\" content=\"summary_large_image\" \/>\n<meta name=\"twitter:label1\" content=\"Odhadovan\u00e1 doba \u010dten\u00ed\" \/>\n\t<meta name=\"twitter:data1\" content=\"1 minuta\" \/>\n<script type=\"application\/ld+json\" class=\"yoast-schema-graph\">{\"@context\":\"https:\/\/schema.org\",\"@graph\":[{\"@type\":\"WebPage\",\"@id\":\"https:\/\/www.domkraftpro.com\/index.php\/produkt\/vysoce-kvalitni-kanlux-zvonkovy-transformatorna-din-listu-ktf-8-24-8-12-24v-1a-23260-1331\/\",\"url\":\"https:\/\/www.domkraftpro.com\/index.php\/produkt\/vysoce-kvalitni-kanlux-zvonkovy-transformatorna-din-listu-ktf-8-24-8-12-24v-1a-23260-1331\/\",\"name\":\"Vysoce Kvalitn\u00ed Kanlux zvonkov\u00fd transform\u00e1torna DIN li\u0161tu KTF-8-24 8\/12\/24V 1A \/23260\/ -\",\"isPartOf\":{\"@id\":\"https:\/\/www.domkraftpro.com\/#website\"},\"primaryImageOfPage\":{\"@id\":\"https:\/\/www.domkraftpro.com\/index.php\/produkt\/vysoce-kvalitni-kanlux-zvonkovy-transformatorna-din-listu-ktf-8-24-8-12-24v-1a-23260-1331\/#primaryimage\"},\"image\":{\"@id\":\"https:\/\/www.domkraftpro.com\/index.php\/produkt\/vysoce-kvalitni-kanlux-zvonkovy-transformatorna-din-listu-ktf-8-24-8-12-24v-1a-23260-1331\/#primaryimage\"},\"thumbnailUrl\":\"https:\/\/www.domkraftpro.com\/wp-content\/uploads\/2026\/SK0008469-CZ20260425-091623-0-1777079785-kanlux-zvonkovy-transformatorna-din-listu-ktf-8-24-8-12-24v.webp\",\"datePublished\":\"2026-04-27T04:40:34+00:00\",\"breadcrumb\":{\"@id\":\"https:\/\/www.domkraftpro.com\/index.php\/produkt\/vysoce-kvalitni-kanlux-zvonkovy-transformatorna-din-listu-ktf-8-24-8-12-24v-1a-23260-1331\/#breadcrumb\"},\"inLanguage\":\"cs\",\"potentialAction\":[{\"@type\":\"ReadAction\",\"target\":[\"https:\/\/www.domkraftpro.com\/index.php\/produkt\/vysoce-kvalitni-kanlux-zvonkovy-transformatorna-din-listu-ktf-8-24-8-12-24v-1a-23260-1331\/\"]}]},{\"@type\":\"ImageObject\",\"inLanguage\":\"cs\",\"@id\":\"https:\/\/www.domkraftpro.com\/index.php\/produkt\/vysoce-kvalitni-kanlux-zvonkovy-transformatorna-din-listu-ktf-8-24-8-12-24v-1a-23260-1331\/#primaryimage\",\"url\":\"https:\/\/www.domkraftpro.com\/wp-content\/uploads\/2026\/SK0008469-CZ20260425-091623-0-1777079785-kanlux-zvonkovy-transformatorna-din-listu-ktf-8-24-8-12-24v.webp\",\"contentUrl\":\"https:\/\/www.domkraftpro.com\/wp-content\/uploads\/2026\/SK0008469-CZ20260425-091623-0-1777079785-kanlux-zvonkovy-transformatorna-din-listu-ktf-8-24-8-12-24v.webp\",\"width\":1000,\"height\":525},{\"@type\":\"BreadcrumbList\",\"@id\":\"https:\/\/www.domkraftpro.com\/index.php\/produkt\/vysoce-kvalitni-kanlux-zvonkovy-transformatorna-din-listu-ktf-8-24-8-12-24v-1a-23260-1331\/#breadcrumb\",\"itemListElement\":[{\"@type\":\"ListItem\",\"position\":1,\"name\":\"Home\",\"item\":\"https:\/\/www.domkraftpro.com\/\"},{\"@type\":\"ListItem\",\"position\":2,\"name\":\"Products\",\"item\":\"https:\/\/www.domkraftpro.com\/index.php\/products\/\"},{\"@type\":\"ListItem\",\"position\":3,\"name\":\"Vysoce Kvalitn\u00ed Kanlux zvonkov\u00fd transform\u00e1torna DIN li\u0161tu KTF-8-24 8\/12\/24V 1A \/23260\/\"}]},{\"@type\":\"WebSite\",\"@id\":\"https:\/\/www.domkraftpro.com\/#website\",\"url\":\"https:\/\/www.domkraftpro.com\/\",\"name\":\"\",\"description\":\"\",\"potentialAction\":[{\"@type\":\"SearchAction\",\"target\":{\"@type\":\"EntryPoint\",\"urlTemplate\":\"https:\/\/www.domkraftpro.com\/?s={search_term_string}\"},\"query-input\":{\"@type\":\"PropertyValueSpecification\",\"valueRequired\":true,\"valueName\":\"search_term_string\"}}],\"inLanguage\":\"cs\"}]}<\/script>\n<!-- \/ Yoast SEO plugin. -->","yoast_head_json":{"title":"Vysoce Kvalitn\u00ed Kanlux zvonkov\u00fd transform\u00e1torna DIN li\u0161tu KTF-8-24 8\/12\/24V 1A \/23260\/ -","robots":{"index":"index","follow":"follow","max-snippet":"max-snippet:-1","max-image-preview":"max-image-preview:large","max-video-preview":"max-video-preview:-1"},"canonical":"https:\/\/www.domkraftpro.com\/index.php\/produkt\/vysoce-kvalitni-kanlux-zvonkovy-transformatorna-din-listu-ktf-8-24-8-12-24v-1a-23260-1331\/","og_locale":"cs_CZ","og_type":"article","og_title":"Vysoce Kvalitn\u00ed Kanlux zvonkov\u00fd transform\u00e1torna DIN li\u0161tu KTF-8-24 8\/12\/24V 1A \/23260\/ -","og_description":"Kanlux zvonkov\u00fd transform\u00e1torna DIN li\u0161tu KTF-8-24 8\/12\/24V 1A \/23260\/ Zvonkov\u00e9 trafo nebo tak\u00e9 zdroj na DIN li\u0161tu, se pou\u017e\u00edv\u00e1 pro nap\u00e1jen\u00ed n\u00edzkonap\u011b\u0165ov\u00e9ho zvonkov\u00e9ho okruhu. A to nejen v dom\u00e1cnostech a rodinn\u00fdch domech, ale hlavn\u011b v domech bytov\u00fdch i panelov\u00fdch. Zdroj nap\u00e1j\u00ed okruh zvonkov\u00e9ho tla\u010d\u00edtka a zvonku samotn\u00e9ho. V rozvad\u011b\u010di pon\u00ed\u017e\u00ed nap\u011bt\u00ed 230V na 8\/12\/24V, kter\u00e9 [&hellip;]","og_url":"https:\/\/www.domkraftpro.com\/index.php\/produkt\/vysoce-kvalitni-kanlux-zvonkovy-transformatorna-din-listu-ktf-8-24-8-12-24v-1a-23260-1331\/","og_image":[{"width":1000,"height":525,"url":"https:\/\/www.domkraftpro.com\/wp-content\/uploads\/2026\/SK0008469-CZ20260425-091623-0-1777079785-kanlux-zvonkovy-transformatorna-din-listu-ktf-8-24-8-12-24v.webp","type":"image\/webp"}],"twitter_card":"summary_large_image","twitter_misc":{"Odhadovan\u00e1 doba \u010dten\u00ed":"1 minuta"},"schema":{"@context":"https:\/\/schema.org","@graph":[{"@type":"WebPage","@id":"https:\/\/www.domkraftpro.com\/index.php\/produkt\/vysoce-kvalitni-kanlux-zvonkovy-transformatorna-din-listu-ktf-8-24-8-12-24v-1a-23260-1331\/","url":"https:\/\/www.domkraftpro.com\/index.php\/produkt\/vysoce-kvalitni-kanlux-zvonkovy-transformatorna-din-listu-ktf-8-24-8-12-24v-1a-23260-1331\/","name":"Vysoce Kvalitn\u00ed Kanlux zvonkov\u00fd transform\u00e1torna DIN li\u0161tu KTF-8-24 8\/12\/24V 1A \/23260\/ -","isPartOf":{"@id":"https:\/\/www.domkraftpro.com\/#website"},"primaryImageOfPage":{"@id":"https:\/\/www.domkraftpro.com\/index.php\/produkt\/vysoce-kvalitni-kanlux-zvonkovy-transformatorna-din-listu-ktf-8-24-8-12-24v-1a-23260-1331\/#primaryimage"},"image":{"@id":"https:\/\/www.domkraftpro.com\/index.php\/produkt\/vysoce-kvalitni-kanlux-zvonkovy-transformatorna-din-listu-ktf-8-24-8-12-24v-1a-23260-1331\/#primaryimage"},"thumbnailUrl":"https:\/\/www.domkraftpro.com\/wp-content\/uploads\/2026\/SK0008469-CZ20260425-091623-0-1777079785-kanlux-zvonkovy-transformatorna-din-listu-ktf-8-24-8-12-24v.webp","datePublished":"2026-04-27T04:40:34+00:00","breadcrumb":{"@id":"https:\/\/www.domkraftpro.com\/index.php\/produkt\/vysoce-kvalitni-kanlux-zvonkovy-transformatorna-din-listu-ktf-8-24-8-12-24v-1a-23260-1331\/#breadcrumb"},"inLanguage":"cs","potentialAction":[{"@type":"ReadAction","target":["https:\/\/www.domkraftpro.com\/index.php\/produkt\/vysoce-kvalitni-kanlux-zvonkovy-transformatorna-din-listu-ktf-8-24-8-12-24v-1a-23260-1331\/"]}]},{"@type":"ImageObject","inLanguage":"cs","@id":"https:\/\/www.domkraftpro.com\/index.php\/produkt\/vysoce-kvalitni-kanlux-zvonkovy-transformatorna-din-listu-ktf-8-24-8-12-24v-1a-23260-1331\/#primaryimage","url":"https:\/\/www.domkraftpro.com\/wp-content\/uploads\/2026\/SK0008469-CZ20260425-091623-0-1777079785-kanlux-zvonkovy-transformatorna-din-listu-ktf-8-24-8-12-24v.webp","contentUrl":"https:\/\/www.domkraftpro.com\/wp-content\/uploads\/2026\/SK0008469-CZ20260425-091623-0-1777079785-kanlux-zvonkovy-transformatorna-din-listu-ktf-8-24-8-12-24v.webp","width":1000,"height":525},{"@type":"BreadcrumbList","@id":"https:\/\/www.domkraftpro.com\/index.php\/produkt\/vysoce-kvalitni-kanlux-zvonkovy-transformatorna-din-listu-ktf-8-24-8-12-24v-1a-23260-1331\/#breadcrumb","itemListElement":[{"@type":"ListItem","position":1,"name":"Home","item":"https:\/\/www.domkraftpro.com\/"},{"@type":"ListItem","position":2,"name":"Products","item":"https:\/\/www.domkraftpro.com\/index.php\/products\/"},{"@type":"ListItem","position":3,"name":"Vysoce Kvalitn\u00ed Kanlux zvonkov\u00fd transform\u00e1torna DIN li\u0161tu KTF-8-24 8\/12\/24V 1A \/23260\/"}]},{"@type":"WebSite","@id":"https:\/\/www.domkraftpro.com\/#website","url":"https:\/\/www.domkraftpro.com\/","name":"","description":"","potentialAction":[{"@type":"SearchAction","target":{"@type":"EntryPoint","urlTemplate":"https:\/\/www.domkraftpro.com\/?s={search_term_string}"},"query-input":{"@type":"PropertyValueSpecification","valueRequired":true,"valueName":"search_term_string"}}],"inLanguage":"cs"}]}},"_links":{"self":[{"href":"https:\/\/www.domkraftpro.com\/index.php\/wp-json\/wp\/v2\/product\/1331","targetHints":{"allow":["GET"]}}],"collection":[{"href":"https:\/\/www.domkraftpro.com\/index.php\/wp-json\/wp\/v2\/product"}],"about":[{"href":"https:\/\/www.domkraftpro.com\/index.php\/wp-json\/wp\/v2\/types\/product"}],"replies":[{"embeddable":true,"href":"https:\/\/www.domkraftpro.com\/index.php\/wp-json\/wp\/v2\/comments?post=1331"}],"wp:featuredmedia":[{"embeddable":true,"href":"https:\/\/www.domkraftpro.com\/index.php\/wp-json\/wp\/v2\/media\/1431"}],"wp:attachment":[{"href":"https:\/\/www.domkraftpro.com\/index.php\/wp-json\/wp\/v2\/media?parent=1331"}],"wp:term":[{"taxonomy":"product_brand","embeddable":true,"href":"https:\/\/www.domkraftpro.com\/index.php\/wp-json\/wp\/v2\/product_brand?post=1331"},{"taxonomy":"product_cat","embeddable":true,"href":"https:\/\/www.domkraftpro.com\/index.php\/wp-json\/wp\/v2\/product_cat?post=1331"},{"taxonomy":"product_tag","embeddable":true,"href":"https:\/\/www.domkraftpro.com\/index.php\/wp-json\/wp\/v2\/product_tag?post=1331"}],"curies":[{"name":"wp","href":"https:\/\/api.w.org\/{rel}","templated":true}]}}