{"id":1291,"date":"2026-04-27T04:40:34","date_gmt":"2026-04-27T04:40:34","guid":{"rendered":""},"modified":"2026-04-27T04:40:34","modified_gmt":"2026-04-27T04:40:34","slug":"zlevneny-kabel-outdoor-plug-shine-ip68-1m-1in-2out-2x1-5qmm-cerny-paulmann-1291","status":"publish","type":"product","link":"https:\/\/www.domkraftpro.com\/index.php\/produkt\/zlevneny-kabel-outdoor-plug-shine-ip68-1m-1in-2out-2x1-5qmm-cerny-paulmann-1291\/","title":{"rendered":"Zlevn\u011bn\u00fd Kabel Outdoor Plug + Shine IP68 1m 1in-2out 2&#215;1,5qmm \u010dern\u00fd &#8211; PAULMANN"},"content":{"rendered":"<p><\/p>\n<div class=\"top-params\">\n<h3 class=\"product-h3 collapse-header \" data-toggle=\"collapse\" data-target=\"#collapseOne\" aria-expanded=\"true\" aria-controls=\"collapseOne\">Parametry<\/h3>\n<div id=\"collapseOne\" class=\"collapse show\" aria-labelledby=\"headingOne\" data-parent=\"#product-info-accordion1\">\n<table class=\"table-striped\">\n<tr>\n<td>                Barva            <\/td>\n<td>                \u010dern\u00e1            <\/td>\n<\/tr>\n<tr>\n<td>                Materi\u00e1l            <\/td>\n<td>                plast            <\/td>\n<\/tr>\n<tr>\n<td>                Ochrana IP            <\/td>\n<td>                IP68            <\/td>\n<\/tr>\n<tr>\n<td>                V\u00fdrobce            <\/td>\n<td>                PAULMANN            <\/td>\n<\/tr>\n<tr>\n<td>                D\u00e9lka v mm            <\/td>\n<td>                1000            <\/td>\n<\/tr>\n<tr>\n<td>                Kolekce            <\/td>\n<td>                Plug &amp; Shine            <\/td>\n<\/tr>\n<\/table>\n<\/div><\/div>\n<\/div>\n<div class=\"accordion\" id=\"product-info-accordion2\">\n","protected":false},"excerpt":{"rendered":"<p>Parametry Barva \u010dern\u00e1 Materi\u00e1l plast Ochrana IP IP68 V\u00fdrobce PAULMANN D\u00e9lka v mm 1000 Kolekce Plug &amp; Shine<\/p>\n","protected":false},"featured_media":1391,"comment_status":"open","ping_status":"open","template":"","meta":[],"product_brand":[],"product_cat":[32],"product_tag":[],"class_list":{"0":"post-1291","1":"product","2":"type-product","3":"status-publish","4":"has-post-thumbnail","6":"product_cat-venkovni-svitidla","8":"first","9":"instock","10":"sale","11":"shipping-taxable","12":"purchasable","13":"product-type-simple"},"yoast_head":"<!-- This site is optimized with the Yoast SEO plugin v26.8 - https:\/\/yoast.com\/product\/yoast-seo-wordpress\/ -->\n<title>Zlevn\u011bn\u00fd Kabel Outdoor Plug + Shine IP68 1m 1in-2out 2x1,5qmm \u010dern\u00fd - PAULMANN -<\/title>\n<meta name=\"robots\" content=\"index, follow, max-snippet:-1, max-image-preview:large, max-video-preview:-1\" \/>\n<link rel=\"canonical\" href=\"https:\/\/www.domkraftpro.com\/index.php\/produkt\/zlevneny-kabel-outdoor-plug-shine-ip68-1m-1in-2out-2x1-5qmm-cerny-paulmann-1291\/\" \/>\n<meta property=\"og:locale\" content=\"cs_CZ\" \/>\n<meta property=\"og:type\" content=\"article\" \/>\n<meta property=\"og:title\" content=\"Zlevn\u011bn\u00fd Kabel Outdoor Plug + Shine IP68 1m 1in-2out 2x1,5qmm \u010dern\u00fd - PAULMANN -\" \/>\n<meta property=\"og:description\" content=\"Parametry Barva \u010dern\u00e1 Materi\u00e1l plast Ochrana IP IP68 V\u00fdrobce PAULMANN D\u00e9lka v mm 1000 Kolekce Plug &amp; Shine\" \/>\n<meta property=\"og:url\" content=\"https:\/\/www.domkraftpro.com\/index.php\/produkt\/zlevneny-kabel-outdoor-plug-shine-ip68-1m-1in-2out-2x1-5qmm-cerny-paulmann-1291\/\" \/>\n<meta property=\"og:image\" content=\"https:\/\/www.domkraftpro.com\/wp-content\/uploads\/2026\/SK0055011-CZ20260425-091535-0-1777079744-P-94273.webp\" \/>\n\t<meta property=\"og:image:width\" content=\"500\" \/>\n\t<meta property=\"og:image:height\" content=\"400\" \/>\n\t<meta property=\"og:image:type\" content=\"image\/webp\" \/>\n<meta name=\"twitter:card\" content=\"summary_large_image\" \/>\n<script type=\"application\/ld+json\" class=\"yoast-schema-graph\">{\"@context\":\"https:\/\/schema.org\",\"@graph\":[{\"@type\":\"WebPage\",\"@id\":\"https:\/\/www.domkraftpro.com\/index.php\/produkt\/zlevneny-kabel-outdoor-plug-shine-ip68-1m-1in-2out-2x1-5qmm-cerny-paulmann-1291\/\",\"url\":\"https:\/\/www.domkraftpro.com\/index.php\/produkt\/zlevneny-kabel-outdoor-plug-shine-ip68-1m-1in-2out-2x1-5qmm-cerny-paulmann-1291\/\",\"name\":\"Zlevn\u011bn\u00fd Kabel Outdoor Plug + Shine IP68 1m 1in-2out 2x1,5qmm \u010dern\u00fd - PAULMANN -\",\"isPartOf\":{\"@id\":\"https:\/\/www.domkraftpro.com\/#website\"},\"primaryImageOfPage\":{\"@id\":\"https:\/\/www.domkraftpro.com\/index.php\/produkt\/zlevneny-kabel-outdoor-plug-shine-ip68-1m-1in-2out-2x1-5qmm-cerny-paulmann-1291\/#primaryimage\"},\"image\":{\"@id\":\"https:\/\/www.domkraftpro.com\/index.php\/produkt\/zlevneny-kabel-outdoor-plug-shine-ip68-1m-1in-2out-2x1-5qmm-cerny-paulmann-1291\/#primaryimage\"},\"thumbnailUrl\":\"https:\/\/www.domkraftpro.com\/wp-content\/uploads\/2026\/SK0055011-CZ20260425-091535-0-1777079744-P-94273.webp\",\"datePublished\":\"2026-04-27T04:40:34+00:00\",\"breadcrumb\":{\"@id\":\"https:\/\/www.domkraftpro.com\/index.php\/produkt\/zlevneny-kabel-outdoor-plug-shine-ip68-1m-1in-2out-2x1-5qmm-cerny-paulmann-1291\/#breadcrumb\"},\"inLanguage\":\"cs\",\"potentialAction\":[{\"@type\":\"ReadAction\",\"target\":[\"https:\/\/www.domkraftpro.com\/index.php\/produkt\/zlevneny-kabel-outdoor-plug-shine-ip68-1m-1in-2out-2x1-5qmm-cerny-paulmann-1291\/\"]}]},{\"@type\":\"ImageObject\",\"inLanguage\":\"cs\",\"@id\":\"https:\/\/www.domkraftpro.com\/index.php\/produkt\/zlevneny-kabel-outdoor-plug-shine-ip68-1m-1in-2out-2x1-5qmm-cerny-paulmann-1291\/#primaryimage\",\"url\":\"https:\/\/www.domkraftpro.com\/wp-content\/uploads\/2026\/SK0055011-CZ20260425-091535-0-1777079744-P-94273.webp\",\"contentUrl\":\"https:\/\/www.domkraftpro.com\/wp-content\/uploads\/2026\/SK0055011-CZ20260425-091535-0-1777079744-P-94273.webp\",\"width\":500,\"height\":400},{\"@type\":\"BreadcrumbList\",\"@id\":\"https:\/\/www.domkraftpro.com\/index.php\/produkt\/zlevneny-kabel-outdoor-plug-shine-ip68-1m-1in-2out-2x1-5qmm-cerny-paulmann-1291\/#breadcrumb\",\"itemListElement\":[{\"@type\":\"ListItem\",\"position\":1,\"name\":\"Home\",\"item\":\"https:\/\/www.domkraftpro.com\/\"},{\"@type\":\"ListItem\",\"position\":2,\"name\":\"Products\",\"item\":\"https:\/\/www.domkraftpro.com\/index.php\/products\/\"},{\"@type\":\"ListItem\",\"position\":3,\"name\":\"Zlevn\u011bn\u00fd Kabel Outdoor Plug + Shine IP68 1m 1in-2out 2&#215;1,5qmm \u010dern\u00fd &#8211; PAULMANN\"}]},{\"@type\":\"WebSite\",\"@id\":\"https:\/\/www.domkraftpro.com\/#website\",\"url\":\"https:\/\/www.domkraftpro.com\/\",\"name\":\"\",\"description\":\"\",\"potentialAction\":[{\"@type\":\"SearchAction\",\"target\":{\"@type\":\"EntryPoint\",\"urlTemplate\":\"https:\/\/www.domkraftpro.com\/?s={search_term_string}\"},\"query-input\":{\"@type\":\"PropertyValueSpecification\",\"valueRequired\":true,\"valueName\":\"search_term_string\"}}],\"inLanguage\":\"cs\"}]}<\/script>\n<!-- \/ Yoast SEO plugin. -->","yoast_head_json":{"title":"Zlevn\u011bn\u00fd Kabel Outdoor Plug + Shine IP68 1m 1in-2out 2x1,5qmm \u010dern\u00fd - PAULMANN -","robots":{"index":"index","follow":"follow","max-snippet":"max-snippet:-1","max-image-preview":"max-image-preview:large","max-video-preview":"max-video-preview:-1"},"canonical":"https:\/\/www.domkraftpro.com\/index.php\/produkt\/zlevneny-kabel-outdoor-plug-shine-ip68-1m-1in-2out-2x1-5qmm-cerny-paulmann-1291\/","og_locale":"cs_CZ","og_type":"article","og_title":"Zlevn\u011bn\u00fd Kabel Outdoor Plug + Shine IP68 1m 1in-2out 2x1,5qmm \u010dern\u00fd - PAULMANN -","og_description":"Parametry Barva \u010dern\u00e1 Materi\u00e1l plast Ochrana IP IP68 V\u00fdrobce PAULMANN D\u00e9lka v mm 1000 Kolekce Plug &amp; Shine","og_url":"https:\/\/www.domkraftpro.com\/index.php\/produkt\/zlevneny-kabel-outdoor-plug-shine-ip68-1m-1in-2out-2x1-5qmm-cerny-paulmann-1291\/","og_image":[{"width":500,"height":400,"url":"https:\/\/www.domkraftpro.com\/wp-content\/uploads\/2026\/SK0055011-CZ20260425-091535-0-1777079744-P-94273.webp","type":"image\/webp"}],"twitter_card":"summary_large_image","schema":{"@context":"https:\/\/schema.org","@graph":[{"@type":"WebPage","@id":"https:\/\/www.domkraftpro.com\/index.php\/produkt\/zlevneny-kabel-outdoor-plug-shine-ip68-1m-1in-2out-2x1-5qmm-cerny-paulmann-1291\/","url":"https:\/\/www.domkraftpro.com\/index.php\/produkt\/zlevneny-kabel-outdoor-plug-shine-ip68-1m-1in-2out-2x1-5qmm-cerny-paulmann-1291\/","name":"Zlevn\u011bn\u00fd Kabel Outdoor Plug + Shine IP68 1m 1in-2out 2x1,5qmm \u010dern\u00fd - PAULMANN -","isPartOf":{"@id":"https:\/\/www.domkraftpro.com\/#website"},"primaryImageOfPage":{"@id":"https:\/\/www.domkraftpro.com\/index.php\/produkt\/zlevneny-kabel-outdoor-plug-shine-ip68-1m-1in-2out-2x1-5qmm-cerny-paulmann-1291\/#primaryimage"},"image":{"@id":"https:\/\/www.domkraftpro.com\/index.php\/produkt\/zlevneny-kabel-outdoor-plug-shine-ip68-1m-1in-2out-2x1-5qmm-cerny-paulmann-1291\/#primaryimage"},"thumbnailUrl":"https:\/\/www.domkraftpro.com\/wp-content\/uploads\/2026\/SK0055011-CZ20260425-091535-0-1777079744-P-94273.webp","datePublished":"2026-04-27T04:40:34+00:00","breadcrumb":{"@id":"https:\/\/www.domkraftpro.com\/index.php\/produkt\/zlevneny-kabel-outdoor-plug-shine-ip68-1m-1in-2out-2x1-5qmm-cerny-paulmann-1291\/#breadcrumb"},"inLanguage":"cs","potentialAction":[{"@type":"ReadAction","target":["https:\/\/www.domkraftpro.com\/index.php\/produkt\/zlevneny-kabel-outdoor-plug-shine-ip68-1m-1in-2out-2x1-5qmm-cerny-paulmann-1291\/"]}]},{"@type":"ImageObject","inLanguage":"cs","@id":"https:\/\/www.domkraftpro.com\/index.php\/produkt\/zlevneny-kabel-outdoor-plug-shine-ip68-1m-1in-2out-2x1-5qmm-cerny-paulmann-1291\/#primaryimage","url":"https:\/\/www.domkraftpro.com\/wp-content\/uploads\/2026\/SK0055011-CZ20260425-091535-0-1777079744-P-94273.webp","contentUrl":"https:\/\/www.domkraftpro.com\/wp-content\/uploads\/2026\/SK0055011-CZ20260425-091535-0-1777079744-P-94273.webp","width":500,"height":400},{"@type":"BreadcrumbList","@id":"https:\/\/www.domkraftpro.com\/index.php\/produkt\/zlevneny-kabel-outdoor-plug-shine-ip68-1m-1in-2out-2x1-5qmm-cerny-paulmann-1291\/#breadcrumb","itemListElement":[{"@type":"ListItem","position":1,"name":"Home","item":"https:\/\/www.domkraftpro.com\/"},{"@type":"ListItem","position":2,"name":"Products","item":"https:\/\/www.domkraftpro.com\/index.php\/products\/"},{"@type":"ListItem","position":3,"name":"Zlevn\u011bn\u00fd Kabel Outdoor Plug + Shine IP68 1m 1in-2out 2&#215;1,5qmm \u010dern\u00fd &#8211; PAULMANN"}]},{"@type":"WebSite","@id":"https:\/\/www.domkraftpro.com\/#website","url":"https:\/\/www.domkraftpro.com\/","name":"","description":"","potentialAction":[{"@type":"SearchAction","target":{"@type":"EntryPoint","urlTemplate":"https:\/\/www.domkraftpro.com\/?s={search_term_string}"},"query-input":{"@type":"PropertyValueSpecification","valueRequired":true,"valueName":"search_term_string"}}],"inLanguage":"cs"}]}},"_links":{"self":[{"href":"https:\/\/www.domkraftpro.com\/index.php\/wp-json\/wp\/v2\/product\/1291","targetHints":{"allow":["GET"]}}],"collection":[{"href":"https:\/\/www.domkraftpro.com\/index.php\/wp-json\/wp\/v2\/product"}],"about":[{"href":"https:\/\/www.domkraftpro.com\/index.php\/wp-json\/wp\/v2\/types\/product"}],"replies":[{"embeddable":true,"href":"https:\/\/www.domkraftpro.com\/index.php\/wp-json\/wp\/v2\/comments?post=1291"}],"wp:featuredmedia":[{"embeddable":true,"href":"https:\/\/www.domkraftpro.com\/index.php\/wp-json\/wp\/v2\/media\/1391"}],"wp:attachment":[{"href":"https:\/\/www.domkraftpro.com\/index.php\/wp-json\/wp\/v2\/media?parent=1291"}],"wp:term":[{"taxonomy":"product_brand","embeddable":true,"href":"https:\/\/www.domkraftpro.com\/index.php\/wp-json\/wp\/v2\/product_brand?post=1291"},{"taxonomy":"product_cat","embeddable":true,"href":"https:\/\/www.domkraftpro.com\/index.php\/wp-json\/wp\/v2\/product_cat?post=1291"},{"taxonomy":"product_tag","embeddable":true,"href":"https:\/\/www.domkraftpro.com\/index.php\/wp-json\/wp\/v2\/product_tag?post=1291"}],"curies":[{"name":"wp","href":"https:\/\/api.w.org\/{rel}","templated":true}]}}