{"id":11783,"date":"2026-04-27T04:40:51","date_gmt":"2026-04-27T04:40:51","guid":{"rendered":""},"modified":"2026-04-27T04:40:51","modified_gmt":"2026-04-27T04:40:51","slug":"znackovy-makita-p-42737-brus-p-94x94mm6otk150-10ks-bo4561-11783","status":"publish","type":"product","link":"https:\/\/www.domkraftpro.com\/index.php\/produkt\/znackovy-makita-p-42737-brus-p-94x94mm6otk150-10ks-bo4561-11783\/","title":{"rendered":"Zna\u010dkov\u00fd Makita P-42737 brus.p.94x94mm6otK150 10ks BO4561"},"content":{"rendered":"<table>\n<div class=\"tab-pane active product-description\" id=\"popis\" role=\"tabpanel\">\n<div class=\"short-description\" itemprop=\"description\"><\/div>\n<div class=\"description\">Brusn\u00e9 pap\u00edry DELTA s dlouhou \u017eivotnost\u00ed vhodn\u00e9 pro brou\u0161en\u00ed d\u0159eva, barevn\u00fdch kov\u016f, plast\u016f a kamene. Tyto pap\u00edry jsou vhodn\u00e9 pro kone\u010dnou \u00fapravu materi\u00e1l\u016f &#8211; brou\u0161en\u00ed barev a lak\u016f. Pap\u00edry jsou perforovan\u00e9, balen\u00e9 po 10 ks.<\/div>\n<\/table>\n","protected":false},"excerpt":{"rendered":"<p>Brusn\u00e9 pap\u00edry DELTA s dlouhou \u017eivotnost\u00ed vhodn\u00e9 pro brou\u0161en\u00ed d\u0159eva, barevn\u00fdch kov\u016f, plast\u016f a kamene. Tyto pap\u00edry jsou vhodn\u00e9 pro kone\u010dnou \u00fapravu materi\u00e1l\u016f &#8211; brou\u0161en\u00ed barev a lak\u016f. Pap\u00edry jsou perforovan\u00e9, balen\u00e9 po 10 ks.<\/p>\n","protected":false},"featured_media":11883,"comment_status":"open","ping_status":"open","template":"","meta":[],"product_brand":[],"product_cat":[52],"product_tag":[],"class_list":{"0":"post-11783","1":"product","2":"type-product","3":"status-publish","4":"has-post-thumbnail","6":"product_cat-naradi","8":"first","9":"instock","10":"sale","11":"shipping-taxable","12":"purchasable","13":"product-type-simple"},"yoast_head":"<!-- This site is optimized with the Yoast SEO plugin v26.8 - https:\/\/yoast.com\/product\/yoast-seo-wordpress\/ -->\n<title>Zna\u010dkov\u00fd Makita P-42737 brus.p.94x94mm6otK150 10ks BO4561 -<\/title>\n<meta name=\"robots\" content=\"index, follow, max-snippet:-1, max-image-preview:large, max-video-preview:-1\" \/>\n<link rel=\"canonical\" href=\"https:\/\/www.domkraftpro.com\/index.php\/produkt\/znackovy-makita-p-42737-brus-p-94x94mm6otk150-10ks-bo4561-11783\/\" \/>\n<meta property=\"og:locale\" content=\"cs_CZ\" \/>\n<meta property=\"og:type\" content=\"article\" \/>\n<meta property=\"og:title\" content=\"Zna\u010dkov\u00fd Makita P-42737 brus.p.94x94mm6otK150 10ks BO4561 -\" \/>\n<meta property=\"og:description\" content=\"Brusn\u00e9 pap\u00edry DELTA s dlouhou \u017eivotnost\u00ed vhodn\u00e9 pro brou\u0161en\u00ed d\u0159eva, barevn\u00fdch kov\u016f, plast\u016f a kamene. Tyto pap\u00edry jsou vhodn\u00e9 pro kone\u010dnou \u00fapravu materi\u00e1l\u016f &#8211; brou\u0161en\u00ed barev a lak\u016f. Pap\u00edry jsou perforovan\u00e9, balen\u00e9 po 10 ks.\" \/>\n<meta property=\"og:url\" content=\"https:\/\/www.domkraftpro.com\/index.php\/produkt\/znackovy-makita-p-42737-brus-p-94x94mm6otk150-10ks-bo4561-11783\/\" \/>\n<meta property=\"og:image\" content=\"https:\/\/www.domkraftpro.com\/wp-content\/uploads\/2026\/SK0006889-CZ20260425-092328-0-1777080210-acc_from-p-42684-to-p-42765-tif.webp\" \/>\n\t<meta property=\"og:image:width\" content=\"1000\" \/>\n\t<meta property=\"og:image:height\" content=\"599\" \/>\n\t<meta property=\"og:image:type\" content=\"image\/webp\" \/>\n<meta name=\"twitter:card\" content=\"summary_large_image\" \/>\n<script type=\"application\/ld+json\" class=\"yoast-schema-graph\">{\"@context\":\"https:\/\/schema.org\",\"@graph\":[{\"@type\":\"WebPage\",\"@id\":\"https:\/\/www.domkraftpro.com\/index.php\/produkt\/znackovy-makita-p-42737-brus-p-94x94mm6otk150-10ks-bo4561-11783\/\",\"url\":\"https:\/\/www.domkraftpro.com\/index.php\/produkt\/znackovy-makita-p-42737-brus-p-94x94mm6otk150-10ks-bo4561-11783\/\",\"name\":\"Zna\u010dkov\u00fd Makita P-42737 brus.p.94x94mm6otK150 10ks BO4561 -\",\"isPartOf\":{\"@id\":\"https:\/\/www.domkraftpro.com\/#website\"},\"primaryImageOfPage\":{\"@id\":\"https:\/\/www.domkraftpro.com\/index.php\/produkt\/znackovy-makita-p-42737-brus-p-94x94mm6otk150-10ks-bo4561-11783\/#primaryimage\"},\"image\":{\"@id\":\"https:\/\/www.domkraftpro.com\/index.php\/produkt\/znackovy-makita-p-42737-brus-p-94x94mm6otk150-10ks-bo4561-11783\/#primaryimage\"},\"thumbnailUrl\":\"https:\/\/www.domkraftpro.com\/wp-content\/uploads\/2026\/SK0006889-CZ20260425-092328-0-1777080210-acc_from-p-42684-to-p-42765-tif.webp\",\"datePublished\":\"2026-04-27T04:40:51+00:00\",\"breadcrumb\":{\"@id\":\"https:\/\/www.domkraftpro.com\/index.php\/produkt\/znackovy-makita-p-42737-brus-p-94x94mm6otk150-10ks-bo4561-11783\/#breadcrumb\"},\"inLanguage\":\"cs\",\"potentialAction\":[{\"@type\":\"ReadAction\",\"target\":[\"https:\/\/www.domkraftpro.com\/index.php\/produkt\/znackovy-makita-p-42737-brus-p-94x94mm6otk150-10ks-bo4561-11783\/\"]}]},{\"@type\":\"ImageObject\",\"inLanguage\":\"cs\",\"@id\":\"https:\/\/www.domkraftpro.com\/index.php\/produkt\/znackovy-makita-p-42737-brus-p-94x94mm6otk150-10ks-bo4561-11783\/#primaryimage\",\"url\":\"https:\/\/www.domkraftpro.com\/wp-content\/uploads\/2026\/SK0006889-CZ20260425-092328-0-1777080210-acc_from-p-42684-to-p-42765-tif.webp\",\"contentUrl\":\"https:\/\/www.domkraftpro.com\/wp-content\/uploads\/2026\/SK0006889-CZ20260425-092328-0-1777080210-acc_from-p-42684-to-p-42765-tif.webp\",\"width\":1000,\"height\":599},{\"@type\":\"BreadcrumbList\",\"@id\":\"https:\/\/www.domkraftpro.com\/index.php\/produkt\/znackovy-makita-p-42737-brus-p-94x94mm6otk150-10ks-bo4561-11783\/#breadcrumb\",\"itemListElement\":[{\"@type\":\"ListItem\",\"position\":1,\"name\":\"Home\",\"item\":\"https:\/\/www.domkraftpro.com\/\"},{\"@type\":\"ListItem\",\"position\":2,\"name\":\"Products\",\"item\":\"https:\/\/www.domkraftpro.com\/index.php\/products\/\"},{\"@type\":\"ListItem\",\"position\":3,\"name\":\"Zna\u010dkov\u00fd Makita P-42737 brus.p.94x94mm6otK150 10ks BO4561\"}]},{\"@type\":\"WebSite\",\"@id\":\"https:\/\/www.domkraftpro.com\/#website\",\"url\":\"https:\/\/www.domkraftpro.com\/\",\"name\":\"\",\"description\":\"\",\"potentialAction\":[{\"@type\":\"SearchAction\",\"target\":{\"@type\":\"EntryPoint\",\"urlTemplate\":\"https:\/\/www.domkraftpro.com\/?s={search_term_string}\"},\"query-input\":{\"@type\":\"PropertyValueSpecification\",\"valueRequired\":true,\"valueName\":\"search_term_string\"}}],\"inLanguage\":\"cs\"}]}<\/script>\n<!-- \/ Yoast SEO plugin. -->","yoast_head_json":{"title":"Zna\u010dkov\u00fd Makita P-42737 brus.p.94x94mm6otK150 10ks BO4561 -","robots":{"index":"index","follow":"follow","max-snippet":"max-snippet:-1","max-image-preview":"max-image-preview:large","max-video-preview":"max-video-preview:-1"},"canonical":"https:\/\/www.domkraftpro.com\/index.php\/produkt\/znackovy-makita-p-42737-brus-p-94x94mm6otk150-10ks-bo4561-11783\/","og_locale":"cs_CZ","og_type":"article","og_title":"Zna\u010dkov\u00fd Makita P-42737 brus.p.94x94mm6otK150 10ks BO4561 -","og_description":"Brusn\u00e9 pap\u00edry DELTA s dlouhou \u017eivotnost\u00ed vhodn\u00e9 pro brou\u0161en\u00ed d\u0159eva, barevn\u00fdch kov\u016f, plast\u016f a kamene. Tyto pap\u00edry jsou vhodn\u00e9 pro kone\u010dnou \u00fapravu materi\u00e1l\u016f &#8211; brou\u0161en\u00ed barev a lak\u016f. Pap\u00edry jsou perforovan\u00e9, balen\u00e9 po 10 ks.","og_url":"https:\/\/www.domkraftpro.com\/index.php\/produkt\/znackovy-makita-p-42737-brus-p-94x94mm6otk150-10ks-bo4561-11783\/","og_image":[{"width":1000,"height":599,"url":"https:\/\/www.domkraftpro.com\/wp-content\/uploads\/2026\/SK0006889-CZ20260425-092328-0-1777080210-acc_from-p-42684-to-p-42765-tif.webp","type":"image\/webp"}],"twitter_card":"summary_large_image","schema":{"@context":"https:\/\/schema.org","@graph":[{"@type":"WebPage","@id":"https:\/\/www.domkraftpro.com\/index.php\/produkt\/znackovy-makita-p-42737-brus-p-94x94mm6otk150-10ks-bo4561-11783\/","url":"https:\/\/www.domkraftpro.com\/index.php\/produkt\/znackovy-makita-p-42737-brus-p-94x94mm6otk150-10ks-bo4561-11783\/","name":"Zna\u010dkov\u00fd Makita P-42737 brus.p.94x94mm6otK150 10ks BO4561 -","isPartOf":{"@id":"https:\/\/www.domkraftpro.com\/#website"},"primaryImageOfPage":{"@id":"https:\/\/www.domkraftpro.com\/index.php\/produkt\/znackovy-makita-p-42737-brus-p-94x94mm6otk150-10ks-bo4561-11783\/#primaryimage"},"image":{"@id":"https:\/\/www.domkraftpro.com\/index.php\/produkt\/znackovy-makita-p-42737-brus-p-94x94mm6otk150-10ks-bo4561-11783\/#primaryimage"},"thumbnailUrl":"https:\/\/www.domkraftpro.com\/wp-content\/uploads\/2026\/SK0006889-CZ20260425-092328-0-1777080210-acc_from-p-42684-to-p-42765-tif.webp","datePublished":"2026-04-27T04:40:51+00:00","breadcrumb":{"@id":"https:\/\/www.domkraftpro.com\/index.php\/produkt\/znackovy-makita-p-42737-brus-p-94x94mm6otk150-10ks-bo4561-11783\/#breadcrumb"},"inLanguage":"cs","potentialAction":[{"@type":"ReadAction","target":["https:\/\/www.domkraftpro.com\/index.php\/produkt\/znackovy-makita-p-42737-brus-p-94x94mm6otk150-10ks-bo4561-11783\/"]}]},{"@type":"ImageObject","inLanguage":"cs","@id":"https:\/\/www.domkraftpro.com\/index.php\/produkt\/znackovy-makita-p-42737-brus-p-94x94mm6otk150-10ks-bo4561-11783\/#primaryimage","url":"https:\/\/www.domkraftpro.com\/wp-content\/uploads\/2026\/SK0006889-CZ20260425-092328-0-1777080210-acc_from-p-42684-to-p-42765-tif.webp","contentUrl":"https:\/\/www.domkraftpro.com\/wp-content\/uploads\/2026\/SK0006889-CZ20260425-092328-0-1777080210-acc_from-p-42684-to-p-42765-tif.webp","width":1000,"height":599},{"@type":"BreadcrumbList","@id":"https:\/\/www.domkraftpro.com\/index.php\/produkt\/znackovy-makita-p-42737-brus-p-94x94mm6otk150-10ks-bo4561-11783\/#breadcrumb","itemListElement":[{"@type":"ListItem","position":1,"name":"Home","item":"https:\/\/www.domkraftpro.com\/"},{"@type":"ListItem","position":2,"name":"Products","item":"https:\/\/www.domkraftpro.com\/index.php\/products\/"},{"@type":"ListItem","position":3,"name":"Zna\u010dkov\u00fd Makita P-42737 brus.p.94x94mm6otK150 10ks BO4561"}]},{"@type":"WebSite","@id":"https:\/\/www.domkraftpro.com\/#website","url":"https:\/\/www.domkraftpro.com\/","name":"","description":"","potentialAction":[{"@type":"SearchAction","target":{"@type":"EntryPoint","urlTemplate":"https:\/\/www.domkraftpro.com\/?s={search_term_string}"},"query-input":{"@type":"PropertyValueSpecification","valueRequired":true,"valueName":"search_term_string"}}],"inLanguage":"cs"}]}},"_links":{"self":[{"href":"https:\/\/www.domkraftpro.com\/index.php\/wp-json\/wp\/v2\/product\/11783","targetHints":{"allow":["GET"]}}],"collection":[{"href":"https:\/\/www.domkraftpro.com\/index.php\/wp-json\/wp\/v2\/product"}],"about":[{"href":"https:\/\/www.domkraftpro.com\/index.php\/wp-json\/wp\/v2\/types\/product"}],"replies":[{"embeddable":true,"href":"https:\/\/www.domkraftpro.com\/index.php\/wp-json\/wp\/v2\/comments?post=11783"}],"wp:featuredmedia":[{"embeddable":true,"href":"https:\/\/www.domkraftpro.com\/index.php\/wp-json\/wp\/v2\/media\/11883"}],"wp:attachment":[{"href":"https:\/\/www.domkraftpro.com\/index.php\/wp-json\/wp\/v2\/media?parent=11783"}],"wp:term":[{"taxonomy":"product_brand","embeddable":true,"href":"https:\/\/www.domkraftpro.com\/index.php\/wp-json\/wp\/v2\/product_brand?post=11783"},{"taxonomy":"product_cat","embeddable":true,"href":"https:\/\/www.domkraftpro.com\/index.php\/wp-json\/wp\/v2\/product_cat?post=11783"},{"taxonomy":"product_tag","embeddable":true,"href":"https:\/\/www.domkraftpro.com\/index.php\/wp-json\/wp\/v2\/product_tag?post=11783"}],"curies":[{"name":"wp","href":"https:\/\/api.w.org\/{rel}","templated":true}]}}