{"id":1162,"date":"2026-04-27T04:40:34","date_gmt":"2026-04-27T04:40:34","guid":{"rendered":""},"modified":"2026-04-27T04:40:34","modified_gmt":"2026-04-27T04:40:34","slug":"levny-vyprodej-vzorku-house-prisazene-svitidlo-ip44-3000k-34deg-5-8w-antracit-paulmann-1162","status":"publish","type":"product","link":"https:\/\/www.domkraftpro.com\/index.php\/produkt\/levny-vyprodej-vzorku-house-prisazene-svitidlo-ip44-3000k-34deg-5-8w-antracit-paulmann-1162\/","title":{"rendered":"Levn\u00fd V\u00ddPRODEJ VZORKU &#8211; House p\u0159isazen\u00e9 sv\u00edtidlo IP44 3000K 34\u00b0 5,8W antracit &#8211; PAULMANN"},"content":{"rendered":"<p><\/p>\n<div class=\"top-params\">\n<h3 class=\"product-h3 collapse-header \" data-toggle=\"collapse\" data-target=\"#collapseOne\" aria-expanded=\"true\" aria-controls=\"collapseOne\">Parametry<\/h3>\n<div id=\"collapseOne\" class=\"collapse show\" aria-labelledby=\"headingOne\" data-parent=\"#product-info-accordion1\">\n<table class=\"table-striped\">\n<tr>\n<td>                \u00dahel z\u00e1\u0159en\u00ed            <\/td>\n<td>                34\u00b0            <\/td>\n<\/tr>\n<tr>\n<td>                V\u010detn\u011b sv\u011bteln\u00e9ho zdroje            <\/td>\n<td>                ano            <\/td>\n<\/tr>\n<tr>\n<td>                Rozm\u011bry v mm            <\/td>\n<td>                95            <\/td>\n<\/tr>\n<tr>\n<td>                T\u0159\u00edda ochrany            <\/td>\n<td>                II            <\/td>\n<\/tr>\n<tr>\n<td>                Materi\u00e1l            <\/td>\n<td>                akryl\u00e1t \/ hlin\u00edk            <\/td>\n<\/tr>\n<tr>\n<td>                V\u00fdrobce            <\/td>\n<td>                PAULMANN            <\/td>\n<\/tr>\n<tr>\n<td>                Nap\u00e1jec\u00ed nap\u011bt\u00ed            <\/td>\n<td>                230 V            <\/td>\n<\/tr>\n<tr>\n<td>                V\u00fdkon            <\/td>\n<td>                5,8W            <\/td>\n<\/tr>\n<tr>\n<td>                Max. p\u0159\u00edkon sv\u011bteln\u00e9ho zdroje            <\/td>\n<td>                4,4W            <\/td>\n<\/tr>\n<tr>\n<td>                Barva            <\/td>\n<td>                antracit            <\/td>\n<\/tr>\n<tr>\n<td>                Ochrana IP            <\/td>\n<td>                IP44            <\/td>\n<\/tr>\n<tr>\n<td>                Stm\u00edvateln\u00e9            <\/td>\n<td>                ne            <\/td>\n<\/tr>\n<tr>\n<td>                \u017divotnost            <\/td>\n<td>                30000h            <\/td>\n<\/tr>\n<tr>\n<td>                Po\u010det sv\u011bteln\u00fdch zdroj\u016f            <\/td>\n<td>                1            <\/td>\n<\/tr>\n<tr>\n<td>                Sv\u011bteln\u00fd tok            <\/td>\n<td>                410lm            <\/td>\n<\/tr>\n<tr>\n<td>                Teplota barvy sv\u011btla            <\/td>\n<td>                3000K            <\/td>\n<\/tr>\n<tr>\n<td>                D\u00e9lka v mm            <\/td>\n<td>                95            <\/td>\n<\/tr>\n<tr>\n<td>                Patice            <\/td>\n<td>                LED            <\/td>\n<\/tr>\n<tr>\n<td>                Pr\u016fm\u011br v mm            <\/td>\n<td>                95            <\/td>\n<\/tr>\n<tr>\n<td>                Vystaveno na studiu            <\/td>\n<td>                ano            <\/td>\n<\/tr>\n<\/table>\n<\/div><\/div>\n<\/div>\n<div class=\"accordion\" id=\"product-info-accordion2\">\n","protected":false},"excerpt":{"rendered":"<p>Parametry \u00dahel z\u00e1\u0159en\u00ed 34\u00b0 V\u010detn\u011b sv\u011bteln\u00e9ho zdroje ano Rozm\u011bry v mm 95 T\u0159\u00edda ochrany II Materi\u00e1l akryl\u00e1t \/ hlin\u00edk V\u00fdrobce PAULMANN Nap\u00e1jec\u00ed nap\u011bt\u00ed 230 V V\u00fdkon 5,8W Max. p\u0159\u00edkon sv\u011bteln\u00e9ho zdroje 4,4W Barva antracit Ochrana IP IP44 Stm\u00edvateln\u00e9 ne \u017divotnost 30000h Po\u010det sv\u011bteln\u00fdch zdroj\u016f 1 Sv\u011bteln\u00fd tok 410lm Teplota barvy sv\u011btla 3000K D\u00e9lka v mm [&hellip;]<\/p>\n","protected":false},"featured_media":1262,"comment_status":"open","ping_status":"open","template":"","meta":[],"product_brand":[],"product_cat":[32],"product_tag":[],"class_list":{"0":"post-1162","1":"product","2":"type-product","3":"status-publish","4":"has-post-thumbnail","6":"product_cat-venkovni-svitidla","8":"first","9":"instock","10":"sale","11":"shipping-taxable","12":"purchasable","13":"product-type-simple"},"yoast_head":"<!-- This site is optimized with the Yoast SEO plugin v26.8 - https:\/\/yoast.com\/product\/yoast-seo-wordpress\/ -->\n<title>Levn\u00fd V\u00ddPRODEJ VZORKU - House p\u0159isazen\u00e9 sv\u00edtidlo IP44 3000K 34\u00b0 5,8W antracit - PAULMANN -<\/title>\n<meta name=\"robots\" content=\"index, follow, max-snippet:-1, max-image-preview:large, max-video-preview:-1\" \/>\n<link rel=\"canonical\" href=\"https:\/\/www.domkraftpro.com\/index.php\/produkt\/levny-vyprodej-vzorku-house-prisazene-svitidlo-ip44-3000k-34deg-5-8w-antracit-paulmann-1162\/\" \/>\n<meta property=\"og:locale\" content=\"cs_CZ\" \/>\n<meta property=\"og:type\" content=\"article\" \/>\n<meta property=\"og:title\" content=\"Levn\u00fd V\u00ddPRODEJ VZORKU - House p\u0159isazen\u00e9 sv\u00edtidlo IP44 3000K 34\u00b0 5,8W antracit - PAULMANN -\" \/>\n<meta property=\"og:description\" content=\"Parametry \u00dahel z\u00e1\u0159en\u00ed 34\u00b0 V\u010detn\u011b sv\u011bteln\u00e9ho zdroje ano Rozm\u011bry v mm 95 T\u0159\u00edda ochrany II Materi\u00e1l akryl\u00e1t \/ hlin\u00edk V\u00fdrobce PAULMANN Nap\u00e1jec\u00ed nap\u011bt\u00ed 230 V V\u00fdkon 5,8W Max. p\u0159\u00edkon sv\u011bteln\u00e9ho zdroje 4,4W Barva antracit Ochrana IP IP44 Stm\u00edvateln\u00e9 ne \u017divotnost 30000h Po\u010det sv\u011bteln\u00fdch zdroj\u016f 1 Sv\u011bteln\u00fd tok 410lm Teplota barvy sv\u011btla 3000K D\u00e9lka v mm [&hellip;]\" \/>\n<meta property=\"og:url\" content=\"https:\/\/www.domkraftpro.com\/index.php\/produkt\/levny-vyprodej-vzorku-house-prisazene-svitidlo-ip44-3000k-34deg-5-8w-antracit-paulmann-1162\/\" \/>\n<meta property=\"og:image\" content=\"https:\/\/www.domkraftpro.com\/wp-content\/uploads\/2026\/SK0054181-CZ20260425-091535-0-1777079744-P-79670.webp\" \/>\n\t<meta property=\"og:image:width\" content=\"700\" \/>\n\t<meta property=\"og:image:height\" content=\"560\" \/>\n\t<meta property=\"og:image:type\" content=\"image\/webp\" \/>\n<meta name=\"twitter:card\" content=\"summary_large_image\" \/>\n<script type=\"application\/ld+json\" class=\"yoast-schema-graph\">{\"@context\":\"https:\/\/schema.org\",\"@graph\":[{\"@type\":\"WebPage\",\"@id\":\"https:\/\/www.domkraftpro.com\/index.php\/produkt\/levny-vyprodej-vzorku-house-prisazene-svitidlo-ip44-3000k-34deg-5-8w-antracit-paulmann-1162\/\",\"url\":\"https:\/\/www.domkraftpro.com\/index.php\/produkt\/levny-vyprodej-vzorku-house-prisazene-svitidlo-ip44-3000k-34deg-5-8w-antracit-paulmann-1162\/\",\"name\":\"Levn\u00fd V\u00ddPRODEJ VZORKU - House p\u0159isazen\u00e9 sv\u00edtidlo IP44 3000K 34\u00b0 5,8W antracit - PAULMANN -\",\"isPartOf\":{\"@id\":\"https:\/\/www.domkraftpro.com\/#website\"},\"primaryImageOfPage\":{\"@id\":\"https:\/\/www.domkraftpro.com\/index.php\/produkt\/levny-vyprodej-vzorku-house-prisazene-svitidlo-ip44-3000k-34deg-5-8w-antracit-paulmann-1162\/#primaryimage\"},\"image\":{\"@id\":\"https:\/\/www.domkraftpro.com\/index.php\/produkt\/levny-vyprodej-vzorku-house-prisazene-svitidlo-ip44-3000k-34deg-5-8w-antracit-paulmann-1162\/#primaryimage\"},\"thumbnailUrl\":\"https:\/\/www.domkraftpro.com\/wp-content\/uploads\/2026\/SK0054181-CZ20260425-091535-0-1777079744-P-79670.webp\",\"datePublished\":\"2026-04-27T04:40:34+00:00\",\"breadcrumb\":{\"@id\":\"https:\/\/www.domkraftpro.com\/index.php\/produkt\/levny-vyprodej-vzorku-house-prisazene-svitidlo-ip44-3000k-34deg-5-8w-antracit-paulmann-1162\/#breadcrumb\"},\"inLanguage\":\"cs\",\"potentialAction\":[{\"@type\":\"ReadAction\",\"target\":[\"https:\/\/www.domkraftpro.com\/index.php\/produkt\/levny-vyprodej-vzorku-house-prisazene-svitidlo-ip44-3000k-34deg-5-8w-antracit-paulmann-1162\/\"]}]},{\"@type\":\"ImageObject\",\"inLanguage\":\"cs\",\"@id\":\"https:\/\/www.domkraftpro.com\/index.php\/produkt\/levny-vyprodej-vzorku-house-prisazene-svitidlo-ip44-3000k-34deg-5-8w-antracit-paulmann-1162\/#primaryimage\",\"url\":\"https:\/\/www.domkraftpro.com\/wp-content\/uploads\/2026\/SK0054181-CZ20260425-091535-0-1777079744-P-79670.webp\",\"contentUrl\":\"https:\/\/www.domkraftpro.com\/wp-content\/uploads\/2026\/SK0054181-CZ20260425-091535-0-1777079744-P-79670.webp\",\"width\":700,\"height\":560},{\"@type\":\"BreadcrumbList\",\"@id\":\"https:\/\/www.domkraftpro.com\/index.php\/produkt\/levny-vyprodej-vzorku-house-prisazene-svitidlo-ip44-3000k-34deg-5-8w-antracit-paulmann-1162\/#breadcrumb\",\"itemListElement\":[{\"@type\":\"ListItem\",\"position\":1,\"name\":\"Home\",\"item\":\"https:\/\/www.domkraftpro.com\/\"},{\"@type\":\"ListItem\",\"position\":2,\"name\":\"Products\",\"item\":\"https:\/\/www.domkraftpro.com\/index.php\/products\/\"},{\"@type\":\"ListItem\",\"position\":3,\"name\":\"Levn\u00fd V\u00ddPRODEJ VZORKU &#8211; House p\u0159isazen\u00e9 sv\u00edtidlo IP44 3000K 34\u00b0 5,8W antracit &#8211; PAULMANN\"}]},{\"@type\":\"WebSite\",\"@id\":\"https:\/\/www.domkraftpro.com\/#website\",\"url\":\"https:\/\/www.domkraftpro.com\/\",\"name\":\"\",\"description\":\"\",\"potentialAction\":[{\"@type\":\"SearchAction\",\"target\":{\"@type\":\"EntryPoint\",\"urlTemplate\":\"https:\/\/www.domkraftpro.com\/?s={search_term_string}\"},\"query-input\":{\"@type\":\"PropertyValueSpecification\",\"valueRequired\":true,\"valueName\":\"search_term_string\"}}],\"inLanguage\":\"cs\"}]}<\/script>\n<!-- \/ Yoast SEO plugin. -->","yoast_head_json":{"title":"Levn\u00fd V\u00ddPRODEJ VZORKU - House p\u0159isazen\u00e9 sv\u00edtidlo IP44 3000K 34\u00b0 5,8W antracit - PAULMANN -","robots":{"index":"index","follow":"follow","max-snippet":"max-snippet:-1","max-image-preview":"max-image-preview:large","max-video-preview":"max-video-preview:-1"},"canonical":"https:\/\/www.domkraftpro.com\/index.php\/produkt\/levny-vyprodej-vzorku-house-prisazene-svitidlo-ip44-3000k-34deg-5-8w-antracit-paulmann-1162\/","og_locale":"cs_CZ","og_type":"article","og_title":"Levn\u00fd V\u00ddPRODEJ VZORKU - House p\u0159isazen\u00e9 sv\u00edtidlo IP44 3000K 34\u00b0 5,8W antracit - PAULMANN -","og_description":"Parametry \u00dahel z\u00e1\u0159en\u00ed 34\u00b0 V\u010detn\u011b sv\u011bteln\u00e9ho zdroje ano Rozm\u011bry v mm 95 T\u0159\u00edda ochrany II Materi\u00e1l akryl\u00e1t \/ hlin\u00edk V\u00fdrobce PAULMANN Nap\u00e1jec\u00ed nap\u011bt\u00ed 230 V V\u00fdkon 5,8W Max. p\u0159\u00edkon sv\u011bteln\u00e9ho zdroje 4,4W Barva antracit Ochrana IP IP44 Stm\u00edvateln\u00e9 ne \u017divotnost 30000h Po\u010det sv\u011bteln\u00fdch zdroj\u016f 1 Sv\u011bteln\u00fd tok 410lm Teplota barvy sv\u011btla 3000K D\u00e9lka v mm [&hellip;]","og_url":"https:\/\/www.domkraftpro.com\/index.php\/produkt\/levny-vyprodej-vzorku-house-prisazene-svitidlo-ip44-3000k-34deg-5-8w-antracit-paulmann-1162\/","og_image":[{"width":700,"height":560,"url":"https:\/\/www.domkraftpro.com\/wp-content\/uploads\/2026\/SK0054181-CZ20260425-091535-0-1777079744-P-79670.webp","type":"image\/webp"}],"twitter_card":"summary_large_image","schema":{"@context":"https:\/\/schema.org","@graph":[{"@type":"WebPage","@id":"https:\/\/www.domkraftpro.com\/index.php\/produkt\/levny-vyprodej-vzorku-house-prisazene-svitidlo-ip44-3000k-34deg-5-8w-antracit-paulmann-1162\/","url":"https:\/\/www.domkraftpro.com\/index.php\/produkt\/levny-vyprodej-vzorku-house-prisazene-svitidlo-ip44-3000k-34deg-5-8w-antracit-paulmann-1162\/","name":"Levn\u00fd V\u00ddPRODEJ VZORKU - House p\u0159isazen\u00e9 sv\u00edtidlo IP44 3000K 34\u00b0 5,8W antracit - PAULMANN -","isPartOf":{"@id":"https:\/\/www.domkraftpro.com\/#website"},"primaryImageOfPage":{"@id":"https:\/\/www.domkraftpro.com\/index.php\/produkt\/levny-vyprodej-vzorku-house-prisazene-svitidlo-ip44-3000k-34deg-5-8w-antracit-paulmann-1162\/#primaryimage"},"image":{"@id":"https:\/\/www.domkraftpro.com\/index.php\/produkt\/levny-vyprodej-vzorku-house-prisazene-svitidlo-ip44-3000k-34deg-5-8w-antracit-paulmann-1162\/#primaryimage"},"thumbnailUrl":"https:\/\/www.domkraftpro.com\/wp-content\/uploads\/2026\/SK0054181-CZ20260425-091535-0-1777079744-P-79670.webp","datePublished":"2026-04-27T04:40:34+00:00","breadcrumb":{"@id":"https:\/\/www.domkraftpro.com\/index.php\/produkt\/levny-vyprodej-vzorku-house-prisazene-svitidlo-ip44-3000k-34deg-5-8w-antracit-paulmann-1162\/#breadcrumb"},"inLanguage":"cs","potentialAction":[{"@type":"ReadAction","target":["https:\/\/www.domkraftpro.com\/index.php\/produkt\/levny-vyprodej-vzorku-house-prisazene-svitidlo-ip44-3000k-34deg-5-8w-antracit-paulmann-1162\/"]}]},{"@type":"ImageObject","inLanguage":"cs","@id":"https:\/\/www.domkraftpro.com\/index.php\/produkt\/levny-vyprodej-vzorku-house-prisazene-svitidlo-ip44-3000k-34deg-5-8w-antracit-paulmann-1162\/#primaryimage","url":"https:\/\/www.domkraftpro.com\/wp-content\/uploads\/2026\/SK0054181-CZ20260425-091535-0-1777079744-P-79670.webp","contentUrl":"https:\/\/www.domkraftpro.com\/wp-content\/uploads\/2026\/SK0054181-CZ20260425-091535-0-1777079744-P-79670.webp","width":700,"height":560},{"@type":"BreadcrumbList","@id":"https:\/\/www.domkraftpro.com\/index.php\/produkt\/levny-vyprodej-vzorku-house-prisazene-svitidlo-ip44-3000k-34deg-5-8w-antracit-paulmann-1162\/#breadcrumb","itemListElement":[{"@type":"ListItem","position":1,"name":"Home","item":"https:\/\/www.domkraftpro.com\/"},{"@type":"ListItem","position":2,"name":"Products","item":"https:\/\/www.domkraftpro.com\/index.php\/products\/"},{"@type":"ListItem","position":3,"name":"Levn\u00fd V\u00ddPRODEJ VZORKU &#8211; House p\u0159isazen\u00e9 sv\u00edtidlo IP44 3000K 34\u00b0 5,8W antracit &#8211; PAULMANN"}]},{"@type":"WebSite","@id":"https:\/\/www.domkraftpro.com\/#website","url":"https:\/\/www.domkraftpro.com\/","name":"","description":"","potentialAction":[{"@type":"SearchAction","target":{"@type":"EntryPoint","urlTemplate":"https:\/\/www.domkraftpro.com\/?s={search_term_string}"},"query-input":{"@type":"PropertyValueSpecification","valueRequired":true,"valueName":"search_term_string"}}],"inLanguage":"cs"}]}},"_links":{"self":[{"href":"https:\/\/www.domkraftpro.com\/index.php\/wp-json\/wp\/v2\/product\/1162","targetHints":{"allow":["GET"]}}],"collection":[{"href":"https:\/\/www.domkraftpro.com\/index.php\/wp-json\/wp\/v2\/product"}],"about":[{"href":"https:\/\/www.domkraftpro.com\/index.php\/wp-json\/wp\/v2\/types\/product"}],"replies":[{"embeddable":true,"href":"https:\/\/www.domkraftpro.com\/index.php\/wp-json\/wp\/v2\/comments?post=1162"}],"wp:featuredmedia":[{"embeddable":true,"href":"https:\/\/www.domkraftpro.com\/index.php\/wp-json\/wp\/v2\/media\/1262"}],"wp:attachment":[{"href":"https:\/\/www.domkraftpro.com\/index.php\/wp-json\/wp\/v2\/media?parent=1162"}],"wp:term":[{"taxonomy":"product_brand","embeddable":true,"href":"https:\/\/www.domkraftpro.com\/index.php\/wp-json\/wp\/v2\/product_brand?post=1162"},{"taxonomy":"product_cat","embeddable":true,"href":"https:\/\/www.domkraftpro.com\/index.php\/wp-json\/wp\/v2\/product_cat?post=1162"},{"taxonomy":"product_tag","embeddable":true,"href":"https:\/\/www.domkraftpro.com\/index.php\/wp-json\/wp\/v2\/product_tag?post=1162"}],"curies":[{"name":"wp","href":"https:\/\/api.w.org\/{rel}","templated":true}]}}