{"id":1108,"date":"2026-04-27T04:40:34","date_gmt":"2026-04-27T04:40:34","guid":{"rendered":""},"modified":"2026-04-27T04:40:34","modified_gmt":"2026-04-27T04:40:34","slug":"simpled-pasek-sada-5m-20w-rgb-izolovany-paulmann-odeslani-ihned-1108","status":"publish","type":"product","link":"https:\/\/www.domkraftpro.com\/index.php\/produkt\/simpled-pasek-sada-5m-20w-rgb-izolovany-paulmann-odeslani-ihned-1108\/","title":{"rendered":"SimpLED p\u00e1sek sada 5m 20W RGB izolovan\u00fd &#8211; PAULMANN Odesl\u00e1n\u00ed Ihned"},"content":{"rendered":"<p><\/p>\n<div class=\"top-params\">\n<h3 class=\"product-h3 collapse-header \" data-toggle=\"collapse\" data-target=\"#collapseOne\" aria-expanded=\"true\" aria-controls=\"collapseOne\">Parametry<\/h3>\n<div id=\"collapseOne\" class=\"collapse show\" aria-labelledby=\"headingOne\" data-parent=\"#product-info-accordion1\">\n<table class=\"table-striped\">\n<tr>\n<td>                V\u00fdrobce            <\/td>\n<td>                PAULMANN            <\/td>\n<\/tr>\n<tr>\n<td>                V\u010detn\u011b sv\u011bteln\u00e9ho zdroje            <\/td>\n<td>                ano            <\/td>\n<\/tr>\n<tr>\n<td>                V\u00fdkon            <\/td>\n<td>                24W            <\/td>\n<\/tr>\n<tr>\n<td>                Barva            <\/td>\n<td>                b\u00edl\u00e1            <\/td>\n<\/tr>\n<tr>\n<td>                Sv\u011bteln\u00fd tok            <\/td>\n<td>                505lm            <\/td>\n<\/tr>\n<tr>\n<td>                \u017divotnost            <\/td>\n<td>                20000h            <\/td>\n<\/tr>\n<tr>\n<td>                Po\u010det sv\u011bteln\u00fdch zdroj\u016f            <\/td>\n<td>                1            <\/td>\n<\/tr>\n<tr>\n<td>                Patice            <\/td>\n<td>                LED            <\/td>\n<\/tr>\n<tr>\n<td>                Max. p\u0159\u00edkon sv\u011bteln\u00e9ho zdroje            <\/td>\n<td>                20W            <\/td>\n<\/tr>\n<tr>\n<td>                Zna\u010dka MM            <\/td>\n<td>                ano            <\/td>\n<\/tr>\n<tr>\n<td>                S trafem do z\u00e1suvky            <\/td>\n<td>                ano            <\/td>\n<\/tr>\n<tr>\n<td>                T\u0159\u00edda ochrany            <\/td>\n<td>                II            <\/td>\n<\/tr>\n<tr>\n<td>                Zm\u011bna barev RGB            <\/td>\n<td>                ano            <\/td>\n<\/tr>\n<tr>\n<td>                D\u00e1lkov\u00e9 ovl\u00e1d\u00e1n\u00ed            <\/td>\n<td>                ano            <\/td>\n<\/tr>\n<tr>\n<td>                D\u00e9lka v mm            <\/td>\n<td>                5000            <\/td>\n<\/tr>\n<tr>\n<td>                V\u00fdkon transform\u00e1toru            <\/td>\n<td>                24VA            <\/td>\n<\/tr>\n<tr>\n<td>                Stm\u00edvateln\u00e9            <\/td>\n<td>                ano            <\/td>\n<\/tr>\n<tr>\n<td>                Typ sv\u011bteln\u00e9ho zdroje            <\/td>\n<td>                LED            <\/td>\n<\/tr>\n<tr>\n<td>                Nap\u00e1jec\u00ed nap\u011bt\u00ed            <\/td>\n<td>                230\/12 V            <\/td>\n<\/tr>\n<tr>\n<td>                Materi\u00e1l            <\/td>\n<td>                plast \/ kov            <\/td>\n<\/tr>\n<tr>\n<td>                Hloubka v mm            <\/td>\n<td>                10            <\/td>\n<\/tr>\n<tr>\n<td>                V\u00fd\u0161ka v mm            <\/td>\n<td>                3            <\/td>\n<\/tr>\n<tr>\n<td>                Kolekce            <\/td>\n<td>                SimpLED            <\/td>\n<\/tr>\n<\/table>\n<\/div><\/div>\n<\/div>\n<div class=\"accordion\" id=\"product-info-accordion2\">\n","protected":false},"excerpt":{"rendered":"<p>Parametry V\u00fdrobce PAULMANN V\u010detn\u011b sv\u011bteln\u00e9ho zdroje ano V\u00fdkon 24W Barva b\u00edl\u00e1 Sv\u011bteln\u00fd tok 505lm \u017divotnost 20000h Po\u010det sv\u011bteln\u00fdch zdroj\u016f 1 Patice LED Max. p\u0159\u00edkon sv\u011bteln\u00e9ho zdroje 20W Zna\u010dka MM ano S trafem do z\u00e1suvky ano T\u0159\u00edda ochrany II Zm\u011bna barev RGB ano D\u00e1lkov\u00e9 ovl\u00e1d\u00e1n\u00ed ano D\u00e9lka v mm 5000 V\u00fdkon transform\u00e1toru 24VA Stm\u00edvateln\u00e9 ano Typ [&hellip;]<\/p>\n","protected":false},"featured_media":1208,"comment_status":"open","ping_status":"open","template":"","meta":[],"product_brand":[],"product_cat":[31],"product_tag":[],"class_list":{"0":"post-1108","1":"product","2":"type-product","3":"status-publish","4":"has-post-thumbnail","6":"product_cat-interierova-svitidla","8":"first","9":"instock","10":"sale","11":"shipping-taxable","12":"purchasable","13":"product-type-simple"},"yoast_head":"<!-- This site is optimized with the Yoast SEO plugin v26.8 - https:\/\/yoast.com\/product\/yoast-seo-wordpress\/ -->\n<title>SimpLED p\u00e1sek sada 5m 20W RGB izolovan\u00fd - PAULMANN Odesl\u00e1n\u00ed Ihned -<\/title>\n<meta name=\"robots\" content=\"index, follow, max-snippet:-1, max-image-preview:large, max-video-preview:-1\" \/>\n<link rel=\"canonical\" href=\"https:\/\/www.domkraftpro.com\/index.php\/produkt\/simpled-pasek-sada-5m-20w-rgb-izolovany-paulmann-odeslani-ihned-1108\/\" \/>\n<meta property=\"og:locale\" content=\"cs_CZ\" \/>\n<meta property=\"og:type\" content=\"article\" \/>\n<meta property=\"og:title\" content=\"SimpLED p\u00e1sek sada 5m 20W RGB izolovan\u00fd - PAULMANN Odesl\u00e1n\u00ed Ihned -\" \/>\n<meta property=\"og:description\" content=\"Parametry V\u00fdrobce PAULMANN V\u010detn\u011b sv\u011bteln\u00e9ho zdroje ano V\u00fdkon 24W Barva b\u00edl\u00e1 Sv\u011bteln\u00fd tok 505lm \u017divotnost 20000h Po\u010det sv\u011bteln\u00fdch zdroj\u016f 1 Patice LED Max. p\u0159\u00edkon sv\u011bteln\u00e9ho zdroje 20W Zna\u010dka MM ano S trafem do z\u00e1suvky ano T\u0159\u00edda ochrany II Zm\u011bna barev RGB ano D\u00e1lkov\u00e9 ovl\u00e1d\u00e1n\u00ed ano D\u00e9lka v mm 5000 V\u00fdkon transform\u00e1toru 24VA Stm\u00edvateln\u00e9 ano Typ [&hellip;]\" \/>\n<meta property=\"og:url\" content=\"https:\/\/www.domkraftpro.com\/index.php\/produkt\/simpled-pasek-sada-5m-20w-rgb-izolovany-paulmann-odeslani-ihned-1108\/\" \/>\n<meta property=\"og:image\" content=\"https:\/\/www.domkraftpro.com\/wp-content\/uploads\/2026\/SK0054127-CZ20260425-091535-0-1777079744-P-78978.webp\" \/>\n\t<meta property=\"og:image:width\" content=\"700\" \/>\n\t<meta property=\"og:image:height\" content=\"560\" \/>\n\t<meta property=\"og:image:type\" content=\"image\/webp\" \/>\n<meta name=\"twitter:card\" content=\"summary_large_image\" \/>\n<meta name=\"twitter:label1\" content=\"Odhadovan\u00e1 doba \u010dten\u00ed\" \/>\n\t<meta name=\"twitter:data1\" content=\"1 minuta\" \/>\n<script type=\"application\/ld+json\" class=\"yoast-schema-graph\">{\"@context\":\"https:\/\/schema.org\",\"@graph\":[{\"@type\":\"WebPage\",\"@id\":\"https:\/\/www.domkraftpro.com\/index.php\/produkt\/simpled-pasek-sada-5m-20w-rgb-izolovany-paulmann-odeslani-ihned-1108\/\",\"url\":\"https:\/\/www.domkraftpro.com\/index.php\/produkt\/simpled-pasek-sada-5m-20w-rgb-izolovany-paulmann-odeslani-ihned-1108\/\",\"name\":\"SimpLED p\u00e1sek sada 5m 20W RGB izolovan\u00fd - PAULMANN Odesl\u00e1n\u00ed Ihned -\",\"isPartOf\":{\"@id\":\"https:\/\/www.domkraftpro.com\/#website\"},\"primaryImageOfPage\":{\"@id\":\"https:\/\/www.domkraftpro.com\/index.php\/produkt\/simpled-pasek-sada-5m-20w-rgb-izolovany-paulmann-odeslani-ihned-1108\/#primaryimage\"},\"image\":{\"@id\":\"https:\/\/www.domkraftpro.com\/index.php\/produkt\/simpled-pasek-sada-5m-20w-rgb-izolovany-paulmann-odeslani-ihned-1108\/#primaryimage\"},\"thumbnailUrl\":\"https:\/\/www.domkraftpro.com\/wp-content\/uploads\/2026\/SK0054127-CZ20260425-091535-0-1777079744-P-78978.webp\",\"datePublished\":\"2026-04-27T04:40:34+00:00\",\"breadcrumb\":{\"@id\":\"https:\/\/www.domkraftpro.com\/index.php\/produkt\/simpled-pasek-sada-5m-20w-rgb-izolovany-paulmann-odeslani-ihned-1108\/#breadcrumb\"},\"inLanguage\":\"cs\",\"potentialAction\":[{\"@type\":\"ReadAction\",\"target\":[\"https:\/\/www.domkraftpro.com\/index.php\/produkt\/simpled-pasek-sada-5m-20w-rgb-izolovany-paulmann-odeslani-ihned-1108\/\"]}]},{\"@type\":\"ImageObject\",\"inLanguage\":\"cs\",\"@id\":\"https:\/\/www.domkraftpro.com\/index.php\/produkt\/simpled-pasek-sada-5m-20w-rgb-izolovany-paulmann-odeslani-ihned-1108\/#primaryimage\",\"url\":\"https:\/\/www.domkraftpro.com\/wp-content\/uploads\/2026\/SK0054127-CZ20260425-091535-0-1777079744-P-78978.webp\",\"contentUrl\":\"https:\/\/www.domkraftpro.com\/wp-content\/uploads\/2026\/SK0054127-CZ20260425-091535-0-1777079744-P-78978.webp\",\"width\":700,\"height\":560},{\"@type\":\"BreadcrumbList\",\"@id\":\"https:\/\/www.domkraftpro.com\/index.php\/produkt\/simpled-pasek-sada-5m-20w-rgb-izolovany-paulmann-odeslani-ihned-1108\/#breadcrumb\",\"itemListElement\":[{\"@type\":\"ListItem\",\"position\":1,\"name\":\"Home\",\"item\":\"https:\/\/www.domkraftpro.com\/\"},{\"@type\":\"ListItem\",\"position\":2,\"name\":\"Products\",\"item\":\"https:\/\/www.domkraftpro.com\/index.php\/products\/\"},{\"@type\":\"ListItem\",\"position\":3,\"name\":\"SimpLED p\u00e1sek sada 5m 20W RGB izolovan\u00fd &#8211; PAULMANN Odesl\u00e1n\u00ed Ihned\"}]},{\"@type\":\"WebSite\",\"@id\":\"https:\/\/www.domkraftpro.com\/#website\",\"url\":\"https:\/\/www.domkraftpro.com\/\",\"name\":\"\",\"description\":\"\",\"potentialAction\":[{\"@type\":\"SearchAction\",\"target\":{\"@type\":\"EntryPoint\",\"urlTemplate\":\"https:\/\/www.domkraftpro.com\/?s={search_term_string}\"},\"query-input\":{\"@type\":\"PropertyValueSpecification\",\"valueRequired\":true,\"valueName\":\"search_term_string\"}}],\"inLanguage\":\"cs\"}]}<\/script>\n<!-- \/ Yoast SEO plugin. -->","yoast_head_json":{"title":"SimpLED p\u00e1sek sada 5m 20W RGB izolovan\u00fd - PAULMANN Odesl\u00e1n\u00ed Ihned -","robots":{"index":"index","follow":"follow","max-snippet":"max-snippet:-1","max-image-preview":"max-image-preview:large","max-video-preview":"max-video-preview:-1"},"canonical":"https:\/\/www.domkraftpro.com\/index.php\/produkt\/simpled-pasek-sada-5m-20w-rgb-izolovany-paulmann-odeslani-ihned-1108\/","og_locale":"cs_CZ","og_type":"article","og_title":"SimpLED p\u00e1sek sada 5m 20W RGB izolovan\u00fd - PAULMANN Odesl\u00e1n\u00ed Ihned -","og_description":"Parametry V\u00fdrobce PAULMANN V\u010detn\u011b sv\u011bteln\u00e9ho zdroje ano V\u00fdkon 24W Barva b\u00edl\u00e1 Sv\u011bteln\u00fd tok 505lm \u017divotnost 20000h Po\u010det sv\u011bteln\u00fdch zdroj\u016f 1 Patice LED Max. p\u0159\u00edkon sv\u011bteln\u00e9ho zdroje 20W Zna\u010dka MM ano S trafem do z\u00e1suvky ano T\u0159\u00edda ochrany II Zm\u011bna barev RGB ano D\u00e1lkov\u00e9 ovl\u00e1d\u00e1n\u00ed ano D\u00e9lka v mm 5000 V\u00fdkon transform\u00e1toru 24VA Stm\u00edvateln\u00e9 ano Typ [&hellip;]","og_url":"https:\/\/www.domkraftpro.com\/index.php\/produkt\/simpled-pasek-sada-5m-20w-rgb-izolovany-paulmann-odeslani-ihned-1108\/","og_image":[{"width":700,"height":560,"url":"https:\/\/www.domkraftpro.com\/wp-content\/uploads\/2026\/SK0054127-CZ20260425-091535-0-1777079744-P-78978.webp","type":"image\/webp"}],"twitter_card":"summary_large_image","twitter_misc":{"Odhadovan\u00e1 doba \u010dten\u00ed":"1 minuta"},"schema":{"@context":"https:\/\/schema.org","@graph":[{"@type":"WebPage","@id":"https:\/\/www.domkraftpro.com\/index.php\/produkt\/simpled-pasek-sada-5m-20w-rgb-izolovany-paulmann-odeslani-ihned-1108\/","url":"https:\/\/www.domkraftpro.com\/index.php\/produkt\/simpled-pasek-sada-5m-20w-rgb-izolovany-paulmann-odeslani-ihned-1108\/","name":"SimpLED p\u00e1sek sada 5m 20W RGB izolovan\u00fd - PAULMANN Odesl\u00e1n\u00ed Ihned -","isPartOf":{"@id":"https:\/\/www.domkraftpro.com\/#website"},"primaryImageOfPage":{"@id":"https:\/\/www.domkraftpro.com\/index.php\/produkt\/simpled-pasek-sada-5m-20w-rgb-izolovany-paulmann-odeslani-ihned-1108\/#primaryimage"},"image":{"@id":"https:\/\/www.domkraftpro.com\/index.php\/produkt\/simpled-pasek-sada-5m-20w-rgb-izolovany-paulmann-odeslani-ihned-1108\/#primaryimage"},"thumbnailUrl":"https:\/\/www.domkraftpro.com\/wp-content\/uploads\/2026\/SK0054127-CZ20260425-091535-0-1777079744-P-78978.webp","datePublished":"2026-04-27T04:40:34+00:00","breadcrumb":{"@id":"https:\/\/www.domkraftpro.com\/index.php\/produkt\/simpled-pasek-sada-5m-20w-rgb-izolovany-paulmann-odeslani-ihned-1108\/#breadcrumb"},"inLanguage":"cs","potentialAction":[{"@type":"ReadAction","target":["https:\/\/www.domkraftpro.com\/index.php\/produkt\/simpled-pasek-sada-5m-20w-rgb-izolovany-paulmann-odeslani-ihned-1108\/"]}]},{"@type":"ImageObject","inLanguage":"cs","@id":"https:\/\/www.domkraftpro.com\/index.php\/produkt\/simpled-pasek-sada-5m-20w-rgb-izolovany-paulmann-odeslani-ihned-1108\/#primaryimage","url":"https:\/\/www.domkraftpro.com\/wp-content\/uploads\/2026\/SK0054127-CZ20260425-091535-0-1777079744-P-78978.webp","contentUrl":"https:\/\/www.domkraftpro.com\/wp-content\/uploads\/2026\/SK0054127-CZ20260425-091535-0-1777079744-P-78978.webp","width":700,"height":560},{"@type":"BreadcrumbList","@id":"https:\/\/www.domkraftpro.com\/index.php\/produkt\/simpled-pasek-sada-5m-20w-rgb-izolovany-paulmann-odeslani-ihned-1108\/#breadcrumb","itemListElement":[{"@type":"ListItem","position":1,"name":"Home","item":"https:\/\/www.domkraftpro.com\/"},{"@type":"ListItem","position":2,"name":"Products","item":"https:\/\/www.domkraftpro.com\/index.php\/products\/"},{"@type":"ListItem","position":3,"name":"SimpLED p\u00e1sek sada 5m 20W RGB izolovan\u00fd &#8211; PAULMANN Odesl\u00e1n\u00ed Ihned"}]},{"@type":"WebSite","@id":"https:\/\/www.domkraftpro.com\/#website","url":"https:\/\/www.domkraftpro.com\/","name":"","description":"","potentialAction":[{"@type":"SearchAction","target":{"@type":"EntryPoint","urlTemplate":"https:\/\/www.domkraftpro.com\/?s={search_term_string}"},"query-input":{"@type":"PropertyValueSpecification","valueRequired":true,"valueName":"search_term_string"}}],"inLanguage":"cs"}]}},"_links":{"self":[{"href":"https:\/\/www.domkraftpro.com\/index.php\/wp-json\/wp\/v2\/product\/1108","targetHints":{"allow":["GET"]}}],"collection":[{"href":"https:\/\/www.domkraftpro.com\/index.php\/wp-json\/wp\/v2\/product"}],"about":[{"href":"https:\/\/www.domkraftpro.com\/index.php\/wp-json\/wp\/v2\/types\/product"}],"replies":[{"embeddable":true,"href":"https:\/\/www.domkraftpro.com\/index.php\/wp-json\/wp\/v2\/comments?post=1108"}],"wp:featuredmedia":[{"embeddable":true,"href":"https:\/\/www.domkraftpro.com\/index.php\/wp-json\/wp\/v2\/media\/1208"}],"wp:attachment":[{"href":"https:\/\/www.domkraftpro.com\/index.php\/wp-json\/wp\/v2\/media?parent=1108"}],"wp:term":[{"taxonomy":"product_brand","embeddable":true,"href":"https:\/\/www.domkraftpro.com\/index.php\/wp-json\/wp\/v2\/product_brand?post=1108"},{"taxonomy":"product_cat","embeddable":true,"href":"https:\/\/www.domkraftpro.com\/index.php\/wp-json\/wp\/v2\/product_cat?post=1108"},{"taxonomy":"product_tag","embeddable":true,"href":"https:\/\/www.domkraftpro.com\/index.php\/wp-json\/wp\/v2\/product_tag?post=1108"}],"curies":[{"name":"wp","href":"https:\/\/api.w.org\/{rel}","templated":true}]}}